{"id":5139,"date":"2020-12-03T15:04:16","date_gmt":"2020-12-03T13:04:16","guid":{"rendered":"http:\/\/www.saintmaurautrement.com\/?page_id=5139"},"modified":"2020-12-03T15:20:30","modified_gmt":"2020-12-03T13:20:30","slug":"mumbai-une-metropole-dun-pays-emergent","status":"publish","type":"page","link":"https:\/\/www.saintmaurautrement.com\/?page_id=5139","title":{"rendered":"Mumbai, une m\u00e9tropole d&rsquo;un pays \u00e9mergent"},"content":{"rendered":"<p><a href=\"https:\/\/www.saintmaurautrement.com\/wp-content\/uploads\/2020\/12\/carte-Inde-1.jpg\"><img decoding=\"async\" loading=\"lazy\" class=\"size-full wp-image-5187 alignleft\" src=\"https:\/\/www.saintmaurautrement.com\/wp-content\/uploads\/2020\/12\/carte-Inde-1.jpg\" alt=\"\" width=\"307\" height=\"301\" srcset=\"https:\/\/www.saintmaurautrement.com\/wp-content\/uploads\/2020\/12\/carte-Inde-1.jpg 307w, https:\/\/www.saintmaurautrement.com\/wp-content\/uploads\/2020\/12\/carte-Inde-1-300x294.jpg 300w, https:\/\/www.saintmaurautrement.com\/wp-content\/uploads\/2020\/12\/carte-Inde-1-65x65.jpg 65w\" sizes=\"(max-width: 307px) 100vw, 307px\" \/><\/a>Mumbai est une m\u00e9tropole de 22 millions d&rsquo;habitants. Capitale \u00e9conomique de l&rsquo;Inde (la capitale politique est New Delhi), Mumbai est une ville attractive qui joue un r\u00f4le important dans les domaines financier et culturel et qui n&rsquo;en finie pas de \u00ab\u00a0grossir\u00a0\u00bb. C&rsquo;est aussi une ville o\u00f9 la moiti\u00e9 de la population est tr\u00e8s pauvre et vit dans des bidonvilles.<\/p>\n<p><span style=\"color: #003366;\"><strong>Probl\u00e9matique : Pourquoi Mumbai est-elle une m\u00e9tropole de contrastes ?<\/strong><\/span><\/p>\n<h3>\u00a0<\/h3>\n<h4><span style=\"color: #ff0000;\"><strong>Partie 1. Qu&rsquo;est ce qui fait de Mumbai une m\u00e9tropole ?<\/strong><\/span><\/h4>\n<p><span style=\"color: #008080;\"><strong><span style=\"color: #003366;\">Plan de Mumbai.\u00a0 <\/span><\/strong><span style=\"color: #000000;\">Clique sur une des \u00e9toiles pour d\u00e9couvrir un lieu de cette ville et trouver des informations utiles pour compl\u00e9ter les tableaux et r\u00e9pondre aux questions de ta fiche d&rsquo;activit\u00e9.<\/span><strong><br \/><\/strong><\/span><\/p>\n<p><iframe loading=\"lazy\" src=\"https:\/\/www.google.com\/maps\/d\/embed?mid=1GsUkXs7yIItED4_KbGq5Bw8WGKw\" width=\"640\" height=\"480\"><\/iframe><\/p>\n<p>\u00a0<\/p>\n<p><strong><span class=\"has-inline-color has-vivid-cyan-blue-color\" data-rich-text-format-boundary=\"true\">Doc 1 : L&rsquo;\u00e9volution de la population de Mumbai<br \/><\/span><\/strong><\/p>\n<p><a href=\"https:\/\/www.saintmaurautrement.com\/wp-content\/uploads\/2020\/12\/6eme-graphique-evoluation-de-la-population-mumbai.png\"><img decoding=\"async\" loading=\"lazy\" class=\"alignleft wp-image-5162 size-full\" src=\"https:\/\/www.saintmaurautrement.com\/wp-content\/uploads\/2020\/12\/6eme-graphique-evoluation-de-la-population-mumbai.png\" alt=\"\" width=\"595\" height=\"607\" srcset=\"https:\/\/www.saintmaurautrement.com\/wp-content\/uploads\/2020\/12\/6eme-graphique-evoluation-de-la-population-mumbai.png 595w, https:\/\/www.saintmaurautrement.com\/wp-content\/uploads\/2020\/12\/6eme-graphique-evoluation-de-la-population-mumbai-300x306.png 300w, https:\/\/www.saintmaurautrement.com\/wp-content\/uploads\/2020\/12\/6eme-graphique-evoluation-de-la-population-mumbai-65x65.png 65w\" sizes=\"(max-width: 595px) 100vw, 595px\" \/><\/a><\/p>\n<p>\u00a0<\/p>\n<p>\u00a0<\/p>\n<p>\u00a0<\/p>\n<p>\u00a0<\/p>\n<p><strong><span style=\"color: #3366ff;\">Doc 2 : B<\/span><span style=\"color: #3366ff;\">ollywood capitale mondiale du cin\u00e9ma<\/span><\/strong><\/p>\n<p><a href=\"https:\/\/www.saintmaurautrement.com\/wp-content\/uploads\/2020\/12\/Bollywood.jpg\"><img decoding=\"async\" loading=\"lazy\" class=\"aligncenter wp-image-5163 size-medium\" src=\"https:\/\/www.saintmaurautrement.com\/wp-content\/uploads\/2020\/12\/Bollywood-620x355.jpg\" alt=\"\" width=\"620\" height=\"355\" srcset=\"https:\/\/www.saintmaurautrement.com\/wp-content\/uploads\/2020\/12\/Bollywood-620x355.jpg 620w, https:\/\/www.saintmaurautrement.com\/wp-content\/uploads\/2020\/12\/Bollywood-300x172.jpg 300w, https:\/\/www.saintmaurautrement.com\/wp-content\/uploads\/2020\/12\/Bollywood.jpg 650w\" sizes=\"(max-width: 620px) 100vw, 620px\" \/><\/a>200 films sont produits dans le quartier de Bollywood sur les 1200 que l&rsquo;Inde produit chaque ann\u00e9e. Les films de Bollywood s\u2019exportent dans le monde entier, notamment en Asie du Sud-Est, en Afrique du Nord et au Moyen-Orient.<\/p>\n<p>\u00a0<\/p>\n<h6 style=\"text-align: right;\"><a href=\"https:\/\/www.saintmaurautrement.com\/wp-content\/uploads\/2020\/12\/mumabi-capitale-economique-de-linde.jpg\"><img decoding=\"async\" loading=\"lazy\" class=\"aligncenter wp-image-5168 size-full\" src=\"https:\/\/www.saintmaurautrement.com\/wp-content\/uploads\/2020\/12\/mumabi-capitale-economique-de-linde.jpg\" alt=\"\" width=\"480\" height=\"354\" srcset=\"https:\/\/www.saintmaurautrement.com\/wp-content\/uploads\/2020\/12\/mumabi-capitale-economique-de-linde.jpg 480w, https:\/\/www.saintmaurautrement.com\/wp-content\/uploads\/2020\/12\/mumabi-capitale-economique-de-linde-300x221.jpg 300w, https:\/\/www.saintmaurautrement.com\/wp-content\/uploads\/2020\/12\/mumabi-capitale-economique-de-linde-82x60.jpg 82w\" sizes=\"(max-width: 480px) 100vw, 480px\" \/><\/a>1 &#8211; une immense m\u00e9tropole<\/h6>\n<p><span style=\"color: #003366;\"><strong>Doc 4 : Une m\u00e9tropole en croissance rapide<\/strong><\/span><\/p>\n<p><a href=\"https:\/\/www.saintmaurautrement.com\/wp-content\/uploads\/2020\/12\/plan-mumbai.png\"><img decoding=\"async\" loading=\"lazy\" class=\"aligncenter size-full wp-image-5169\" src=\"https:\/\/www.saintmaurautrement.com\/wp-content\/uploads\/2020\/12\/plan-mumbai.png\" alt=\"\" width=\"2000\" height=\"1518\" srcset=\"https:\/\/www.saintmaurautrement.com\/wp-content\/uploads\/2020\/12\/plan-mumbai.png 2000w, https:\/\/www.saintmaurautrement.com\/wp-content\/uploads\/2020\/12\/plan-mumbai-620x471.png 620w, https:\/\/www.saintmaurautrement.com\/wp-content\/uploads\/2020\/12\/plan-mumbai-940x713.png 940w, https:\/\/www.saintmaurautrement.com\/wp-content\/uploads\/2020\/12\/plan-mumbai-300x228.png 300w, https:\/\/www.saintmaurautrement.com\/wp-content\/uploads\/2020\/12\/plan-mumbai-768x583.png 768w, https:\/\/www.saintmaurautrement.com\/wp-content\/uploads\/2020\/12\/plan-mumbai-1536x1166.png 1536w, https:\/\/www.saintmaurautrement.com\/wp-content\/uploads\/2020\/12\/plan-mumbai-65x50.png 65w\" sizes=\"(max-width: 2000px) 100vw, 2000px\" \/><\/a><\/p>\n<p>\u00a0<\/p>\n<h4>\u00a0<\/h4>\n<h4><span style=\"color: #ff0000;\"><strong>Partie 2. Qui sont les habitants de Mumbai et quels sont leurs probl\u00e8mes au quotidien ?<\/strong><\/span><\/h4>\n<p><span style=\"color: #003366;\"><strong>Doc.5 : Se loger \u00e0 Mumbai<\/strong><\/span><\/p>\n<p><a href=\"https:\/\/www.saintmaurautrement.com\/wp-content\/uploads\/2020\/12\/se-loger-a-mumbai02-2.jpg\"><img decoding=\"async\" loading=\"lazy\" class=\"aligncenter wp-image-5181 size-medium\" src=\"https:\/\/www.saintmaurautrement.com\/wp-content\/uploads\/2020\/12\/se-loger-a-mumbai02-2-620x168.jpg\" alt=\"\" width=\"620\" height=\"168\" srcset=\"https:\/\/www.saintmaurautrement.com\/wp-content\/uploads\/2020\/12\/se-loger-a-mumbai02-2-620x168.jpg 620w, https:\/\/www.saintmaurautrement.com\/wp-content\/uploads\/2020\/12\/se-loger-a-mumbai02-2-940x254.jpg 940w, https:\/\/www.saintmaurautrement.com\/wp-content\/uploads\/2020\/12\/se-loger-a-mumbai02-2-300x81.jpg 300w, https:\/\/www.saintmaurautrement.com\/wp-content\/uploads\/2020\/12\/se-loger-a-mumbai02-2-768x208.jpg 768w, https:\/\/www.saintmaurautrement.com\/wp-content\/uploads\/2020\/12\/se-loger-a-mumbai02-2.jpg 1287w\" sizes=\"(max-width: 620px) 100vw, 620px\" \/><\/a><\/p>\n<div id=\"attachment_5175\" style=\"width: 630px\" class=\"wp-caption aligncenter\"><a href=\"https:\/\/www.saintmaurautrement.com\/wp-content\/uploads\/2020\/12\/tardeo.jpg\"><img aria-describedby=\"caption-attachment-5175\" decoding=\"async\" loading=\"lazy\" class=\"size-medium wp-image-5175\" src=\"https:\/\/www.saintmaurautrement.com\/wp-content\/uploads\/2020\/12\/tardeo-620x465.jpg\" alt=\"\" width=\"620\" height=\"465\" srcset=\"https:\/\/www.saintmaurautrement.com\/wp-content\/uploads\/2020\/12\/tardeo-620x465.jpg 620w, https:\/\/www.saintmaurautrement.com\/wp-content\/uploads\/2020\/12\/tardeo-300x225.jpg 300w, https:\/\/www.saintmaurautrement.com\/wp-content\/uploads\/2020\/12\/tardeo-320x240.jpg 320w, https:\/\/www.saintmaurautrement.com\/wp-content\/uploads\/2020\/12\/tardeo-65x50.jpg 65w, https:\/\/www.saintmaurautrement.com\/wp-content\/uploads\/2020\/12\/tardeo.jpg 720w\" sizes=\"(max-width: 620px) 100vw, 620px\" \/><\/a><p id=\"caption-attachment-5175\" class=\"wp-caption-text\">Tard\u00e9o, l&rsquo;un des quartiers les plus riches avec l&rsquo;Imp\u00e9rial Building (sur la droite)<\/p><\/div>\n<p><a href=\"https:\/\/www.saintmaurautrement.com\/wp-content\/uploads\/2020\/12\/se-loger-a-mumbai-1.jpg\"><img decoding=\"async\" loading=\"lazy\" class=\"aligncenter wp-image-5173 size-medium\" src=\"https:\/\/www.saintmaurautrement.com\/wp-content\/uploads\/2020\/12\/se-loger-a-mumbai-1-620x170.jpg\" alt=\"\" width=\"620\" height=\"170\" srcset=\"https:\/\/www.saintmaurautrement.com\/wp-content\/uploads\/2020\/12\/se-loger-a-mumbai-1-620x170.jpg 620w, https:\/\/www.saintmaurautrement.com\/wp-content\/uploads\/2020\/12\/se-loger-a-mumbai-1-940x257.jpg 940w, https:\/\/www.saintmaurautrement.com\/wp-content\/uploads\/2020\/12\/se-loger-a-mumbai-1-300x82.jpg 300w, https:\/\/www.saintmaurautrement.com\/wp-content\/uploads\/2020\/12\/se-loger-a-mumbai-1-768x210.jpg 768w, https:\/\/www.saintmaurautrement.com\/wp-content\/uploads\/2020\/12\/se-loger-a-mumbai-1.jpg 1282w\" sizes=\"(max-width: 620px) 100vw, 620px\" \/><\/a><\/p>\n\n\t\t<style type=\"text\/css\">\n\t\t\t#gallery-1 {\n\t\t\t\tmargin: auto;\n\t\t\t}\n\t\t\t#gallery-1 .gallery-item {\n\t\t\t\tfloat: left;\n\t\t\t\tmargin-top: 10px;\n\t\t\t\ttext-align: center;\n\t\t\t\twidth: 50%;\n\t\t\t}\n\t\t\t#gallery-1 img {\n\t\t\t\tborder: 2px solid #cfcfcf;\n\t\t\t}\n\t\t\t#gallery-1 .gallery-caption {\n\t\t\t\tmargin-left: 0;\n\t\t\t}\n\t\t\t\/* see gallery_shortcode() in wp-includes\/media.php *\/\n\t\t<\/style>\n\t\t<div id='gallery-1' class='gallery galleryid-5139 gallery-columns-2 gallery-size-medium'><dl class='gallery-item'>\n\t\t\t<dt class='gallery-icon landscape'>\n\t\t\t\t<a href='https:\/\/www.saintmaurautrement.com\/?attachment_id=5183'><img width=\"530\" height=\"351\" src=\"https:\/\/www.saintmaurautrement.com\/wp-content\/uploads\/2020\/12\/dharavi_1-1.jpg\" class=\"attachment-medium size-medium\" alt=\"\" decoding=\"async\" aria-describedby=\"gallery-1-5183\" loading=\"lazy\" srcset=\"https:\/\/www.saintmaurautrement.com\/wp-content\/uploads\/2020\/12\/dharavi_1-1.jpg 530w, https:\/\/www.saintmaurautrement.com\/wp-content\/uploads\/2020\/12\/dharavi_1-1-300x199.jpg 300w\" sizes=\"(max-width: 530px) 100vw, 530px\" \/><\/a>\n\t\t\t<\/dt>\n\t\t\t\t<dd class='wp-caption-text gallery-caption' id='gallery-1-5183'>\n\t\t\t\tDharavi, le plus grand bidonville au monde, est d\u00e9crit comme \u00abune ruche bruissante et affair\u00e9e\u00a0\u00bbe, mais c&rsquo;est aussi un espace o\u00f9 \u00ab quelques uns des produits les plus beaux, et les plus pr\u00e9cieux sont produits.\u00bb\n\t\t\t\t<\/dd><\/dl><dl class='gallery-item'>\n\t\t\t<dt class='gallery-icon portrait'>\n\t\t\t\t<a href='https:\/\/www.saintmaurautrement.com\/?attachment_id=5182'><img width=\"620\" height=\"827\" src=\"https:\/\/www.saintmaurautrement.com\/wp-content\/uploads\/2020\/12\/dharavi-2-1-620x827.jpg\" class=\"attachment-medium size-medium\" alt=\"\" decoding=\"async\" loading=\"lazy\" srcset=\"https:\/\/www.saintmaurautrement.com\/wp-content\/uploads\/2020\/12\/dharavi-2-1-620x827.jpg 620w, https:\/\/www.saintmaurautrement.com\/wp-content\/uploads\/2020\/12\/dharavi-2-1-300x400.jpg 300w, https:\/\/www.saintmaurautrement.com\/wp-content\/uploads\/2020\/12\/dharavi-2-1.jpg 768w\" sizes=\"(max-width: 620px) 100vw, 620px\" \/><\/a>\n\t\t\t<\/dt><\/dl><br style=\"clear: both\" \/>\n\t\t<\/div>\n\n<p>\u00a0<\/p>\n<p><span style=\"color: #003366;\"><strong>Doc.6 : Se d\u00e9placer \u00e0 Mumbai<\/strong><\/span><a href=\"https:\/\/www.saintmaurautrement.com\/wp-content\/uploads\/2020\/12\/mumbai-se-deplacer-texte-2.png\"><img decoding=\"async\" loading=\"lazy\" class=\"aligncenter size-medium wp-image-5165\" src=\"https:\/\/www.saintmaurautrement.com\/wp-content\/uploads\/2020\/12\/mumbai-se-deplacer-texte-2-620x149.png\" alt=\"\" width=\"620\" height=\"149\" srcset=\"https:\/\/www.saintmaurautrement.com\/wp-content\/uploads\/2020\/12\/mumbai-se-deplacer-texte-2-620x149.png 620w, https:\/\/www.saintmaurautrement.com\/wp-content\/uploads\/2020\/12\/mumbai-se-deplacer-texte-2-940x225.png 940w, https:\/\/www.saintmaurautrement.com\/wp-content\/uploads\/2020\/12\/mumbai-se-deplacer-texte-2-300x72.png 300w, https:\/\/www.saintmaurautrement.com\/wp-content\/uploads\/2020\/12\/mumbai-se-deplacer-texte-2-768x184.png 768w, https:\/\/www.saintmaurautrement.com\/wp-content\/uploads\/2020\/12\/mumbai-se-deplacer-texte-2.png 1006w\" sizes=\"(max-width: 620px) 100vw, 620px\" \/><\/a><\/p>\n<p><span style=\"color: #003366;\"><strong>Doc.7 : L&rsquo;eau et les d\u00e9chets<\/strong><\/span><\/p>\n<p><a href=\"https:\/\/www.saintmaurautrement.com\/wp-content\/uploads\/2020\/12\/eau-et-dechets-mumbai.png\"><img decoding=\"async\" loading=\"lazy\" class=\"aligncenter size-medium wp-image-5164\" src=\"https:\/\/www.saintmaurautrement.com\/wp-content\/uploads\/2020\/12\/eau-et-dechets-mumbai-620x193.png\" alt=\"\" width=\"620\" height=\"193\" srcset=\"https:\/\/www.saintmaurautrement.com\/wp-content\/uploads\/2020\/12\/eau-et-dechets-mumbai-620x193.png 620w, https:\/\/www.saintmaurautrement.com\/wp-content\/uploads\/2020\/12\/eau-et-dechets-mumbai-940x292.png 940w, https:\/\/www.saintmaurautrement.com\/wp-content\/uploads\/2020\/12\/eau-et-dechets-mumbai-300x93.png 300w, https:\/\/www.saintmaurautrement.com\/wp-content\/uploads\/2020\/12\/eau-et-dechets-mumbai-768x239.png 768w, https:\/\/www.saintmaurautrement.com\/wp-content\/uploads\/2020\/12\/eau-et-dechets-mumbai.png 1014w\" sizes=\"(max-width: 620px) 100vw, 620px\" \/><\/a><\/p>\n","protected":false},"excerpt":{"rendered":"<p>Mumbai est une m\u00e9tropole de 22 millions d&rsquo;habitants. Capitale \u00e9conomique de l&rsquo;Inde (la capitale politique est New Delhi), Mumbai est une ville attractive qui joue un r\u00f4le important dans les domaines financier et culturel et qui n&rsquo;en finie pas de \u00ab\u00a0grossir\u00a0\u00bb. C&rsquo;est aussi une ville o\u00f9 la moiti\u00e9 de la population est tr\u00e8s pauvre et [&hellip;]<\/p>\n","protected":false},"author":1,"featured_media":0,"parent":0,"menu_order":0,"comment_status":"closed","ping_status":"closed","template":"","meta":{"footnotes":""},"_links":{"self":[{"href":"https:\/\/www.saintmaurautrement.com\/index.php?rest_route=\/wp\/v2\/pages\/5139"}],"collection":[{"href":"https:\/\/www.saintmaurautrement.com\/index.php?rest_route=\/wp\/v2\/pages"}],"about":[{"href":"https:\/\/www.saintmaurautrement.com\/index.php?rest_route=\/wp\/v2\/types\/page"}],"author":[{"embeddable":true,"href":"https:\/\/www.saintmaurautrement.com\/index.php?rest_route=\/wp\/v2\/users\/1"}],"replies":[{"embeddable":true,"href":"https:\/\/www.saintmaurautrement.com\/index.php?rest_route=%2Fwp%2Fv2%2Fcomments&post=5139"}],"version-history":[{"count":15,"href":"https:\/\/www.saintmaurautrement.com\/index.php?rest_route=\/wp\/v2\/pages\/5139\/revisions"}],"predecessor-version":[{"id":5195,"href":"https:\/\/www.saintmaurautrement.com\/index.php?rest_route=\/wp\/v2\/pages\/5139\/revisions\/5195"}],"wp:attachment":[{"href":"https:\/\/www.saintmaurautrement.com\/index.php?rest_route=%2Fwp%2Fv2%2Fmedia&parent=5139"}],"curies":[{"name":"wp","href":"https:\/\/api.w.org\/{rel}","templated":true}]}}