{"id":930,"date":"2015-05-04T05:37:12","date_gmt":"2015-05-04T05:37:12","guid":{"rendered":"http:\/\/www.saintmaurautrement.com\/?page_id=930"},"modified":"2022-08-15T11:52:24","modified_gmt":"2022-08-15T09:52:24","slug":"contact","status":"publish","type":"page","link":"https:\/\/www.saintmaurautrement.com\/?page_id=930","title":{"rendered":"@"},"content":{"rendered":"<p>Ce site internet est con\u00e7u et administr\u00e9 par Rudolf Cassaro, enseignant certifi\u00e9 d&rsquo;histoire et de g\u00e9ographie au coll\u00e8ge Nicolas Barr\u00e9 Saint Maur de Pau.<\/p>\n<p>Chaque enseignant publie ici ses propres articles et autres ressources pour les \u00e9l\u00e8ves. D&rsquo;o\u00f9 proviennent les ressources ? C&rsquo;est \u00e0 lire en bas de la page \u00ab\u00a0<a title=\"C\u2019est quoi la classe am\u00e9lior\u00e9e ?\" href=\"https:\/\/www.saintmaurautrement.com\/?page_id=2\"><strong>C&rsquo;est quoi la classe am\u00e9lior\u00e9e ?<\/strong><\/a>\u00a0\u00bb<\/p>\n<p>Ce site propuls\u00e9 par <a href=\"https:\/\/fr.wordpress.org\/\" target=\"_blank\" rel=\"noopener noreferrer\"><strong>wordpress<\/strong><\/a> utilise la technologie <strong>Responsive<\/strong> : le contenu s&rsquo;adapte automatiquement \u00e0 la taille de l&rsquo;\u00e9cran pour faciliter notamment la lecture et le travail sur tablettes num\u00e9riques et t\u00e9l\u00e9phones mobiles. Ce site est accueilli par <a href=\"https:\/\/www.ovh.com\/fr\/index.xml\" target=\"_blank\" rel=\"noopener noreferrer\">OVH<\/a>, h\u00e9bergeur fran\u00e7ais de site internet. Ce site est accessible aux \u00e9l\u00e8ves depuis janvier 2015.<\/p>\n<p>Pour tout contact concernant le contenu de ce site, envoyez un courriel \u00e0 : <a href=\"mailto:rudolf.cassaro@ac-bordeaux.fr\" target=\"_blank\" rel=\"noopener noreferrer\">rudolf.cassaro@ac-bordeaux.fr<\/a><\/p>\n<p>Pour tout autre demande :<\/p>\n<p>Coll\u00e8ge Nicolas Barr\u00e9 Saint Maur,&nbsp; 8 Avenue des Dames de Saint-Maur, 64000 Pau<\/p>\n<div class=\"_lR\">\n<div class=\"_mr\"><span class=\"_QUg\">T\u00e9l\u00e9phone&nbsp;:<\/span>05 59 14 03 03&nbsp;&nbsp;&nbsp;&nbsp;&nbsp; Site web de l&rsquo;\u00e9tablissement : <a href=\"https:\/\/www.saintmaurpau.fr\/\" target=\"_blank\" rel=\"noopener\">www.saintmaurpau.fr<\/a><\/div>\n<\/div>\n<p><iframe loading=\"lazy\" style=\"border: 0;\" src=\"https:\/\/www.google.com\/maps\/embed?pb=!1m14!1m8!1m3!1d11613.967823121715!2d-0.370496!3d43.30396!3m2!1i1024!2i768!4f13.1!3m3!1m2!1s0x0%3A0x1c641e3d87882048!2sEcole+Saint+Maur!5e0!3m2!1sfr!2sfr!4v1434298607275\" width=\"600\" height=\"450\" frameborder=\"0\"><\/iframe><\/p>\n","protected":false},"excerpt":{"rendered":"<p>Ce site internet est con\u00e7u et administr\u00e9 par Rudolf Cassaro, enseignant certifi\u00e9 d&rsquo;histoire et de g\u00e9ographie au coll\u00e8ge Nicolas Barr\u00e9 Saint Maur de Pau. Chaque enseignant publie ici ses propres articles et autres ressources pour les \u00e9l\u00e8ves. D&rsquo;o\u00f9 proviennent les ressources ? C&rsquo;est \u00e0 lire en bas de la page \u00ab\u00a0C&rsquo;est quoi la classe am\u00e9lior\u00e9e [&hellip;]<\/p>\n","protected":false},"author":1,"featured_media":0,"parent":0,"menu_order":0,"comment_status":"closed","ping_status":"closed","template":"","meta":{"footnotes":""},"_links":{"self":[{"href":"https:\/\/www.saintmaurautrement.com\/index.php?rest_route=\/wp\/v2\/pages\/930"}],"collection":[{"href":"https:\/\/www.saintmaurautrement.com\/index.php?rest_route=\/wp\/v2\/pages"}],"about":[{"href":"https:\/\/www.saintmaurautrement.com\/index.php?rest_route=\/wp\/v2\/types\/page"}],"author":[{"embeddable":true,"href":"https:\/\/www.saintmaurautrement.com\/index.php?rest_route=\/wp\/v2\/users\/1"}],"replies":[{"embeddable":true,"href":"https:\/\/www.saintmaurautrement.com\/index.php?rest_route=%2Fwp%2Fv2%2Fcomments&post=930"}],"version-history":[{"count":12,"href":"https:\/\/www.saintmaurautrement.com\/index.php?rest_route=\/wp\/v2\/pages\/930\/revisions"}],"predecessor-version":[{"id":7939,"href":"https:\/\/www.saintmaurautrement.com\/index.php?rest_route=\/wp\/v2\/pages\/930\/revisions\/7939"}],"wp:attachment":[{"href":"https:\/\/www.saintmaurautrement.com\/index.php?rest_route=%2Fwp%2Fv2%2Fmedia&parent=930"}],"curies":[{"name":"wp","href":"https:\/\/api.w.org\/{rel}","templated":true}]}}